{"id":2185,"date":"2021-11-09T14:06:16","date_gmt":"2021-11-09T17:06:16","guid":{"rendered":"http:\/\/websites.sc.gov.br\/imetrosc\/?page_id=2185"},"modified":"2025-09-30T15:17:58","modified_gmt":"2025-09-30T18:17:58","slug":"controle-interno","status":"publish","type":"page","link":"https:\/\/imetro.sc.gov.br\/controle-interno\/","title":{"rendered":"Controle Interno"},"content":{"rendered":"<h3 style=\"text-align: center\">Coordenadoria de Controle Interno<\/h3>\n<h4>Informa\u00e7\u00f5es Institucionais<\/h4>\n<p><strong>Coordenadora de Controle Interno<\/strong><br \/>\nJuliana Fernandes<\/p>\n<p><strong>Telefones<\/strong><br \/>\n(48) 3664-4584<br \/>\n(48) 98841-0774<\/p>\n<p><strong>Endere\u00e7o<\/strong><br \/>\nRua Do Iano, 1791<br \/>\nBairro Nossa Senhora do Ros\u00e1rio<br \/>\nS\u00e3o Jos\u00e9\/SC<\/p>\n<p><strong>e-mail<\/strong><br \/>\ncontroleinterno@imetro.sc.gov.br<\/p>\n<h4>O que \u00e9 o Controle Interno?<\/h4>\n<p>O Controle Interno compreende \u201co plano de organiza\u00e7\u00e3o e todos os m\u00e9todos e medidas adotadas pela administra\u00e7\u00e3o governamental para salvaguardar seus ativos, desenvolver a efici\u00eancia nas opera\u00e7\u00f5es, estimular o cumprimento das pol\u00edticas administrativas prescritas, verificar a exatid\u00e3o e fidelidade dos dados or\u00e7ament\u00e1rios, financeiros, operacionais, patrimoniais, cont\u00e1beis e de pessoal e a exa\u00e7\u00e3o no cumprimento de leis e regulamentos; (art. 2\u00ba, II do Decreto n. 2056\/2009)\u201d.<\/p>\n<p>No Estado de Santa Catarina, o Sistema de Controle Interno &#8211; SCI foi institu\u00eddo, no \u00e2mbito do Poder Executivo, sob a forma de sistema administrativo por meio da Lei Complementar \u2013 LC n\u00ba 284, de 28 de fevereiro de 2005. Atualmente o SCI tem suas regras estabelecidas pela LC n\u00ba 741, de 7 de maio de 2007 e decretos.<\/p>\n<p>O Decreto Estadual n.\u00ba 2.056\/2009 regulamenta o controle interno, descrevendo suas finalidades, da sua estrutura, da compet\u00eancia dos \u00f3rg\u00e3os setoriais, das t\u00e9cnicas e tipos de controle, da atividade de contabilidade, da atividade de auditoria interna, das fases da auditoria interna.<\/p>\n<p>A Coordenadoria de Controle Interno do Imetro-SC foi institu\u00edda e est\u00e1 em pleno funcionamento a partir da publica\u00e7\u00e3o da Ato n.\u00ba 1582, de 05 de julho de 2019, publicado(a) no DOE n\u00ba 21.050, de 05\/07\/2019, que designou a servidora Juliana Fernandes, estando vinculada ao gabinete da Presid\u00eancia.<\/p>\n<h4>Como funciona?<\/h4>\n<p>O Controle Interno acompanhar\u00e1 a execu\u00e7\u00e3o dos atos e apontar\u00e1, em car\u00e1ter sugestivo, preventivo ou corretivamente, as a\u00e7\u00f5es a serem desempenhadas. Al\u00e9m disso, note-se o car\u00e1ter opinativo do Controle Interno, haja vista que o gestor pode ou n\u00e3o atender \u00e0 proposta que lhe seja indicada, sendo dele a responsabilidade e risco dos atos praticados.<\/p>\n<h4>Qual o objetivo?<\/h4>\n<p>O Controle interno tem como objetivo avaliar a a\u00e7\u00e3o governamental, da gest\u00e3o dos administradores e tamb\u00e9m da aplica\u00e7\u00e3o dos recursos. Al\u00e9m desses elementos, o controle interno possui a\u00e7\u00e3o fiscalizat\u00f3ria sobre as opera\u00e7\u00f5es cont\u00e1beis, financeiras, or\u00e7ament\u00e1rias, operacionais, patrimoniais e de pessoal e a exa\u00e7\u00e3o no cumprimento de leis e regulamentos.<\/p>\n<h4>Pra que serve?<\/h4>\n<p>Os controles internos servem para auxiliar o gestor no cumprimento de sua miss\u00e3o tendo em vista a necessidade de conhecimento daquilo que ocorre no Estado, voltado para t\u00e9cnicas modernas de administra\u00e7\u00e3o (planejamento e gest\u00e3o). Antes de ser um meio de fiscaliza\u00e7\u00e3o, os controles internos t\u00eam cunho preventivo, pois oferecem ao gestor p\u00fablico a tranquilidade de estar informado da legalidade e legitimidade dos atos de administra\u00e7\u00e3o que est\u00e3o sendo praticados, da viabilidade ou n\u00e3o do cumprimento das diretrizes e metas estabelecidas, possibilitando a corre\u00e7\u00e3o de eventuais desvios ou rumos de sua administra\u00e7\u00e3o.<\/p>\n<h4>Canal de relacionamento<\/h4>\n<p>Envie suas d\u00favidas ou sugest\u00f5es por meio do e-mail controleinterno@imetro.sc.gov.br.<br \/>\n\u00c9 importante que o servidor quando for realizar sua consulta, exponha com clareza sua d\u00favida, de modo a ser bem compreendido.<\/p>\n<p>&nbsp;<\/p>\n<div class=\"sdm_download_item \"><div class=\"sdm_download_item_top\"><div class=\"sdm_download_thumbnail\"><\/div><div class=\"sdm_download_title\">RELAT\u00d3RIO DO CONTROLE INTERNO SOBRE A PRESTA\u00c7\u00c3O DE CONTAS DE GEST\u00c3O \u2013 EXERC\u00cdCIO 2019<\/div><\/div><div style=\"clear:both;\"><\/div><div class=\"sdm_download_description\"><\/div><div class=\"sdm_download_link\"><span class=\"sdm_download_button\"><a href=\"https:\/\/imetro.sc.gov.br\/?sdm_process_download=1&download_id=4010\" class=\"sdm_download white\" title=\"RELAT\u00d3RIO DO CONTROLE INTERNO SOBRE A PRESTA\u00c7\u00c3O DE CONTAS DE GEST\u00c3O \u2013 EXERC\u00cdCIO 2019\" target=\"_self\">Baixar agora!<\/a><\/span><\/div><\/div><div class=\"sdm_clear_float\"><\/div>\n<div class=\"sdm_download_item \"><div class=\"sdm_download_item_top\"><div class=\"sdm_download_thumbnail\"><\/div><div class=\"sdm_download_title\">RELAT\u00d3RIO DO CONTROLE INTERNO SOBRE A PRESTA\u00c7\u00c3O DE CONTAS DE GEST\u00c3O \u2013 EXERC\u00cdCIO 2020<\/div><\/div><div style=\"clear:both;\"><\/div><div class=\"sdm_download_description\"><\/div><div class=\"sdm_download_link\"><span class=\"sdm_download_button\"><a href=\"https:\/\/imetro.sc.gov.br\/?sdm_process_download=1&download_id=4013\" class=\"sdm_download white\" title=\"RELAT\u00d3RIO DO CONTROLE INTERNO SOBRE A PRESTA\u00c7\u00c3O DE CONTAS DE GEST\u00c3O \u2013 EXERC\u00cdCIO 2020\" target=\"_self\">Baixar agora!<\/a><\/span><\/div><\/div><div class=\"sdm_clear_float\"><\/div>\n<div class=\"sdm_download_item \"><div class=\"sdm_download_item_top\"><div class=\"sdm_download_thumbnail\"><\/div><div class=\"sdm_download_title\">RELAT\u00d3RIO DO CONTROLE INTERNO SOBRE A PRESTA\u00c7\u00c3O DE CONTAS DE GEST\u00c3O \u2013 EXERC\u00cdCIO 2021<\/div><\/div><div style=\"clear:both;\"><\/div><div class=\"sdm_download_description\"><\/div><div class=\"sdm_download_link\"><span class=\"sdm_download_button\"><a href=\"https:\/\/imetro.sc.gov.br\/?sdm_process_download=1&download_id=4016\" class=\"sdm_download white\" title=\"RELAT\u00d3RIO DO CONTROLE INTERNO SOBRE A PRESTA\u00c7\u00c3O DE CONTAS DE GEST\u00c3O \u2013 EXERC\u00cdCIO 2021\" target=\"_self\">Baixar agora!<\/a><\/span><\/div><\/div><div class=\"sdm_clear_float\"><\/div>\n<div class=\"sdm_download_item \"><div class=\"sdm_download_item_top\"><div class=\"sdm_download_thumbnail\"><\/div><div class=\"sdm_download_title\">RELAT\u00d3RIO DO CONTROLE INTERNO SOBRE A PRESTA\u00c7\u00c3O DE CONTAS DE GEST\u00c3O \u2013 EXERC\u00cdCIO 2022<\/div><\/div><div style=\"clear:both;\"><\/div><div class=\"sdm_download_description\"><\/div><div class=\"sdm_download_link\"><span class=\"sdm_download_button\"><a href=\"https:\/\/imetro.sc.gov.br\/?sdm_process_download=1&download_id=4019\" class=\"sdm_download white\" title=\"RELAT\u00d3RIO DO CONTROLE INTERNO SOBRE A PRESTA\u00c7\u00c3O DE CONTAS DE GEST\u00c3O \u2013 EXERC\u00cdCIO 2022\" target=\"_self\">Baixar agora!<\/a><\/span><\/div><\/div><div class=\"sdm_clear_float\"><\/div>\n<div class=\"sdm_download_item \"><div class=\"sdm_download_item_top\"><div class=\"sdm_download_thumbnail\"><\/div><div class=\"sdm_download_title\">RELAT\u00d3RIO DO CONTROLE INTERNO SOBRE A PRESTA\u00c7\u00c3O DE CONTAS DE GEST\u00c3O \u2013 EXERC\u00cdCIO 2023<\/div><\/div><div style=\"clear:both;\"><\/div><div class=\"sdm_download_description\"><\/div><div class=\"sdm_download_link\"><span class=\"sdm_download_button\"><a href=\"https:\/\/imetro.sc.gov.br\/?sdm_process_download=1&download_id=4022\" class=\"sdm_download white\" title=\"RELAT\u00d3RIO DO CONTROLE INTERNO SOBRE A PRESTA\u00c7\u00c3O DE CONTAS DE GEST\u00c3O \u2013 EXERC\u00cdCIO 2023\" target=\"_self\">Baixar agora!<\/a><\/span><\/div><\/div><div class=\"sdm_clear_float\"><\/div>\n","protected":false},"excerpt":{"rendered":"<p>Coordenadoria de Controle Interno Informa\u00e7\u00f5es Institucionais Coordenadora de Controle Interno Juliana Fernandes Telefones (48) 3664-4584 (48) 98841-0774 Endere\u00e7o Rua Do Iano, 1791 Bairro Nossa Senhora&hellip;<\/p>\n","protected":false},"author":2,"featured_media":0,"parent":0,"menu_order":0,"comment_status":"closed","ping_status":"closed","template":"","meta":{"_lmt_disableupdate":"no","_lmt_disable":"","footnotes":""},"publishpress_future_action":{"enabled":false,"date":"2026-04-22 00:46:47","action":"change-status","newStatus":"draft","terms":[],"taxonomy":""},"_links":{"self":[{"href":"https:\/\/imetro.sc.gov.br\/wp-json\/wp\/v2\/pages\/2185"}],"collection":[{"href":"https:\/\/imetro.sc.gov.br\/wp-json\/wp\/v2\/pages"}],"about":[{"href":"https:\/\/imetro.sc.gov.br\/wp-json\/wp\/v2\/types\/page"}],"author":[{"embeddable":true,"href":"https:\/\/imetro.sc.gov.br\/wp-json\/wp\/v2\/users\/2"}],"replies":[{"embeddable":true,"href":"https:\/\/imetro.sc.gov.br\/wp-json\/wp\/v2\/comments?post=2185"}],"version-history":[{"count":1,"href":"https:\/\/imetro.sc.gov.br\/wp-json\/wp\/v2\/pages\/2185\/revisions"}],"predecessor-version":[{"id":5447,"href":"https:\/\/imetro.sc.gov.br\/wp-json\/wp\/v2\/pages\/2185\/revisions\/5447"}],"wp:attachment":[{"href":"https:\/\/imetro.sc.gov.br\/wp-json\/wp\/v2\/media?parent=2185"}],"curies":[{"name":"wp","href":"https:\/\/api.w.org\/{rel}","templated":true}]}}