{"id":185,"date":"2021-07-14T15:03:17","date_gmt":"2021-07-14T18:03:17","guid":{"rendered":"http:\/\/websites.sc.gov.br\/imetrosc\/?page_id=185"},"modified":"2026-02-19T23:07:07","modified_gmt":"2026-02-20T02:07:07","slug":"juridico","status":"publish","type":"page","link":"https:\/\/imetro.sc.gov.br\/?page_id=185","title":{"rendered":"Jur\u00eddico"},"content":{"rendered":"<p>O Setor Jur\u00eddico do IMETRO\/SC operacionaliza as atividades relacionadas aos servi\u00e7os jur\u00eddicos, no \u00e2mbito da autarquia.<\/p>\n<p>Entre outras atividades, analisa e emite pareceres referente aos processos administrativos gerados por autua\u00e7\u00f5es decorrentes do exerc\u00edcio do poder de pol\u00edcia administrativa, na \u00e1rea da metrologia legal e da avalia\u00e7\u00e3o da conformidade, delegado pelo INMETRO ou por servi\u00e7os prestados pela autarquia estadual, opinando pela aplica\u00e7\u00e3o de penalidades, as quais s\u00e3o homologadas pelo Sr. Presidente do Instituto.<\/p>\n<p>Tamb\u00e9m realiza a cobran\u00e7a e a recobran\u00e7a das multas e das taxas metrol\u00f3gicas pendentes na autarquia. Ap\u00f3s a cobran\u00e7a administrativa, os d\u00e9bitos n\u00e3o quitados s\u00e3o encaminhados \u00e0 Procuradoria-Geral Federal, que realiza a inscri\u00e7\u00e3o em D\u00edvida Ativa e a recupera\u00e7\u00e3o dos cr\u00e9ditos.<\/p>\n<h3 id=\"indice\">ASSUNTOS FREQUENTES:<\/h3>\n<ul>\n<li><a href=\"#gru\">SEGUNDA VIA DE GRU (GUIA DE RECOLHIMENTO DA UNI\u00c3O)<\/a><\/li>\n<li><a href=\"#autodeinfracao\">AUTO DE INFRA\u00c7\u00c3O<\/a><\/li>\n<li><a href=\"#autuacao\">NOTIFICA\u00c7\u00c3O DE AUTUA\u00c7\u00c3O E DEFESA ADMINISTRATIVA<\/a><\/li>\n<li><a href=\"#decisao\">NOTIFICA\u00c7\u00c3O DE DECIS\u00c3O E RECURSO ADMINISTRATIVO<\/a><\/li>\n<li><a href=\"#pagamento\">PAGAMENTO DA MULTA COM ABATIMENTO AT\u00c9 O VENCIMENTO (1\u00b0 INST\u00c2NCIA)<\/a><\/li>\n<li><a href=\"#parcelamento\">PARCELAMENTO ADMINISTRATIVO DE MULTA<\/a><\/li>\n<li><a href=\"#consulta\">CONSULTA PROCESSUAL<\/a><\/li>\n<li><a href=\"#divida_ativa\">D\u00cdVIDA ATIVA DO INMETRO<\/a><\/li>\n<li><a href=\"#modelos\">SUGEST\u00d5ES DE MODELOS DE FORMUL\u00c1RIOS<\/a><\/li>\n<li><a href=\"#protocolo\">PROTOCOLO DOCUMENTO DIGITAL<\/a><\/li>\n<\/ul>\n<h4 id=\"gru\">SEGUNDA VIA DE GRU (GUIA DE RECOLHIMENTO DA UNI\u00c3O)<\/h4>\n<p>Para reimprimir sua GRU que ainda n\u00e3o est\u00e1 vencida, ou para realizar a impress\u00e3o atualizada de uma GRU j\u00e1 vencida, seguir os seguintes passos:<\/p>\n<ol>\n<li>Acessar o Portal de Servi\u00e7os do INMETRO nos Estados &#8211; PSIE, clicando <a href=\"https:\/\/servicos.rbmlq.gov.br\/\" target=\"_blank\" rel=\"noopener\">aqui<\/a>;<\/li>\n<li>Clicar no menu Segunda via de GRU e fazer o acesso de acordo com seu perfil.<\/li>\n<\/ol>\n<p>Caso tenha alguma d\u00favida sobre o d\u00e9bito, o interessado poder\u00e1 entrar em contato pelo e-mail juridico@imetro.sc.gov.br, enviando c\u00f3pia da guia vencida, ou informando o n\u00famero do documento (consta na GRU), ou o n\u00famero do processo ou o CNPJ\/CPF em que a cobran\u00e7a est\u00e1 cadastrada.<\/p>\n<h5><a href=\"#indice\">Voltar ao \u00edndice<\/a><\/h5>\n<h4 id=\"autodeinfracao\">AUTO DE INFRA\u00c7\u00c3O<\/h4>\n<p>\u00c9 lavrado em virtude de constata\u00e7\u00e3o de infra\u00e7\u00e3o \u00e0 Lei 9.933\/1999, ao seu regulamento ou aos atos normativos baixados pelo Conmetro e pelo Inmetro.<\/p>\n<h5><a href=\"#indice\">Voltar ao \u00edndice<\/a><\/h5>\n<h4 id=\"autuacao\">NOTIFICA\u00c7\u00c3O DE AUTUA\u00c7\u00c3O E DEFESA ADMINISTRATIVA<\/h4>\n<p>A contar da ci\u00eancia da autua\u00e7\u00e3o ou do recebimento, abre-se prazo de 10 (dez) dias, para que o autuado possa apresentar sua defesa, conforme orienta\u00e7\u00e3o contida no Art. 13 da Resolu\u00e7\u00e3o CONMETRO n\u00ba 08\/06.<\/p>\n<p>Os prazos iniciar-se-\u00e3o ou vencer\u00e3o em dias \u00fateis e ser\u00e3o cont\u00ednuos, excluindo-se da sua contagem o dia do come\u00e7o e incluindo-se o do vencimento.<\/p>\n<p>As defesas poder\u00e3o ser apresentadas por e-mail conforme\u00a0<a href=\"http:\/\/imetro.sc.gov.br\/wp-content\/uploads\/2024\/09\/Portaria-61-2024-Protocolo-Eletronico.pdf\"><u>Portaria IMETRO\/SC n\u00b0 61\/2024<\/u><\/a>. O protocolo somente poder\u00e1 ser realizado de acordo com os exatos par\u00e2metros descritos no item PROTOCOLO DE DEFESA\/RECURSO\/IMPUGNA\u00c7\u00c3O.<\/p>\n<h5><a href=\"#indice\">Voltar ao \u00edndice<\/a><\/h5>\n<h4 id=\"decisao\">NOTIFICA\u00c7\u00c3O DE DECIS\u00c3O E RECURSO ADMINISTRATIVO<\/h4>\n<p>Ap\u00f3s decorrido o prazo para apresenta\u00e7\u00e3o de defesa, o processo sera analisado e o autuado ser\u00e1 notificado da decis\u00e3o, sendo aberto o prazo de 10 (dez) dias, contados da sua ci\u00eancia, nos termos do art. 20 da Resolu\u00e7\u00e3o CONMETRO n\u00ba 08\/06 para, se desejar, interpor recurso. Nos casos de aplica\u00e7\u00e3o de penalidade de multa, o autuado j\u00e1 poder\u00e1 efetuar o pagamento da guia que acompanha a notifica\u00e7\u00e3o de decis\u00e3o em qualquer ag\u00eancia banc\u00e1ria no prazo indicado.<\/p>\n<p>Os recursos poder\u00e3o ser apresentados por e-mail conforme\u00a0<a href=\"http:\/\/imetro.sc.gov.br\/wp-content\/uploads\/2024\/09\/Portaria-61-2024-Protocolo-Eletronico.pdf\"><u>Portaria IMETRO\/SC n\u00b0 61\/2024<\/u>.<\/a> O protocolo somente poder\u00e1 ser realizado de acordo com os exatos par\u00e2metros descritos no item PROTOCOLO DE DEFESA\/RECURSO\/IMPUGNA\u00c7\u00c3O.<\/p>\n<h5><a href=\"#indice\">Voltar ao \u00edndice<\/a><\/h5>\n<h4 id=\"pagamento\">PAGAMENTO DA MULTA COM ABATIMENTO AT\u00c9 O VENCIMENTO (1\u00b0 INST\u00c2NCIA)<\/h4>\n<p>N\u00e3o havendo interposi\u00e7\u00e3o de recurso, o pagamento da multa poder\u00e1 ser efetuado com abatimento de 30% (trinta por cento) at\u00e9 a data de vencimento expressa na notifica\u00e7\u00e3o de decis\u00e3o. A op\u00e7\u00e3o pelo pagamento com abatimento caracteriza reconhecimento da d\u00edvida e ren\u00fancia ao direito de recorrer da decis\u00e3o proferida no processo administrativo, nos termos do art. 1\u00ba, \u00a7 1\u00ba, da Portaria Inmetro n\u00ba 19\/2017.<\/p>\n<h5><a href=\"#indice\">Voltar ao \u00edndice<\/a><\/h5>\n<h4 id=\"parcelamento\">PARCELAMENTO ADMINISTRATIVO DE MULTA<\/h4>\n<p>A Portaria Inmetro n\u00ba 19\/2017 regulamenta os parcelamentos administrativos.<\/p>\n<p>Poder\u00e1 ser realizado o parcelamento somente nos casos de multas por infra\u00e7\u00e3o, em at\u00e9 36 (trinta e seis) vezes, com corre\u00e7\u00e3o mensal pela taxa SELIC e parcela m\u00ednima de R$ 120,00 (cento e vinte reais).<\/p>\n<p>Para realiza\u00e7\u00e3o do parcelamento \u00e9 necess\u00e1ria uma solicita\u00e7\u00e3o por escrito contendo a Raz\u00e3o Social, n\u00ba CNPJ, n\u00ba do Processo, quantidade de parcelas e c\u00f3pia do Estatuto ou Contrato Social. Caso seja pessoa f\u00edsica, \u00e9 necess\u00e1rio o nome completo, CPF e c\u00f3pia do RG, ou da CNH ou de outro documento v\u00e1lido no Brasil, bem como do n\u00ba do Processo e quantidade de parcelas desejadas. Se a solicita\u00e7\u00e3o for realizada por advogado, deve ser apresentada procura\u00e7\u00e3o. A referida solicita\u00e7\u00e3o dever\u00e1 ser enviada ao e-mail parcelamento@imetro.sc.gov.br.<\/p>\n<h5><a href=\"#indice\">Voltar ao \u00edndice<\/a><\/h5>\n<h4 id=\"consulta\">CONSULTA PROCESSUAL<\/h4>\n<p>Para solicitar a c\u00f3pia do processo administrativo, o autuado ou respons\u00e1vel com procura\u00e7\u00e3o, poder\u00e1 encaminhar sua solicita\u00e7\u00e3o ao e-mail juridico@imetro.sc.gov.br.<\/p>\n<p>Informamos que o prazo para realiza\u00e7\u00e3o da c\u00f3pia \u00e9 de at\u00e9 05 (cinco) dias corridos ap\u00f3s a visualiza\u00e7\u00e3o do e-mail.<\/p>\n<h5><a href=\"#indice\">Voltar ao \u00edndice<\/a><\/h5>\n<h4 id=\"divida_ativa\">D\u00cdVIDA ATIVA DO INMETRO<\/h4>\n<div>A compet\u00eancia pela inscri\u00e7\u00e3o em D\u00edvida Ativa do INMETRO \u00e9 da Procuradoria Geral Federal.<\/div>\n<p><\/p>\n<div>Assim, atendimentos relacionados a cr\u00e9ditos inscritos em D\u00edvida Ativa ou j\u00e1 ajuizados (ex.: carta de anu\u00eancia; parcelamento; boleto \u00e0 vista) s\u00e3o realizados por meio do site\u00a0<a href=\"https:\/\/www.gov.br\/agu\/pt-br\/assuntos-1\/resolve-dividas-agu\" target=\"_blank\" rel=\"noopener\" data-saferedirecturl=\"https:\/\/www.google.com\/url?q=https:\/\/www.gov.br\/agu\/pt-br\/assuntos-1\/resolve-dividas-agu&amp;source=gmail&amp;ust=1771613285340000&amp;usg=AOvVaw1aGMVgGtTUaF3NT1O5KPdz\">Resolve D\u00edvidas AGU<\/a>.<\/div>\n<p><\/p>\n<h5><a href=\"#indice\">Voltar ao \u00edndice<\/a><\/h5>\n<h4 id=\"protocolo\">PROTOCOLO DE DEFESA\/RECURSO\/IMPUGNA\u00c7\u00c3O<\/h4>\n<p>O protocolo de defesa\/recurso ou impugna\u00e7\u00e3o de taxa passou a ser de forma virtual, conforme\u00a0<a href=\"http:\/\/imetro.sc.gov.br\/wp-content\/uploads\/2024\/09\/Portaria-61-2024-Protocolo-Eletronico.pdf\"><u>Portaria IMETRO\/SC n\u00b0 61\/2024<\/u>.<\/a> Assim, o encaminhamento dos documentos digitais dever\u00e1 ser realizado via correio eletr\u00f4nico ao endere\u00e7o\u00a0<a href=\"mailto:protocolo@imetro.sc.gov.br\" target=\"_blank\" rel=\"noopener\">protocolo@imetro.sc.gov.br<\/a>, sendo que a confirma\u00e7\u00e3o do recebimento e o registro do protocolo ser\u00e3o enviados para e-mail remetente.<\/p>\n<p>O protocolo dever\u00e1 ser realizado de acordo com os exatos par\u00e2metros da\u00a0<a href=\"http:\/\/imetro.sc.gov.br\/wp-content\/uploads\/2024\/09\/Portaria-61-2024-Protocolo-Eletronico.pdf\"><u>Portaria IMETRO\/SC n\u00b0 61\/2024<\/u>,<\/a> caso n\u00e3o sejam cumpridas as exig\u00eancias, o documento n\u00e3o ser\u00e1 aceito.<\/p>\n<p>Devem ser observados os seguintes requisitos:<\/p>\n<p>I \u2013 Formato: PDF pesquis\u00e1vel;<br \/>\nII \u2013 Resolu\u00e7\u00e3o: leg\u00edvel;<br \/>\nIII \u2013 Capacidade: tamanho m\u00e1ximo de 2 MB. Caso o item ultrapasse o tamanho estipulado, o mesmo dever\u00e1 ser subdividido de forma sequencial, n\u00e3o podendo ter repeti\u00e7\u00e3o do nome do arquivo;<br \/>\nIV \u2013 Padroniza\u00e7\u00e3o do nome do arquivo: identificar cada arquivo de acordo com o caso, como Defesa, Recurso ou Impugna\u00e7\u00e3o de Taxa ou outros, acompanhado com o n\u00famero do Processo e\/ou n\u00famero Auto de Infra\u00e7\u00e3o. Por ex.: Defesa Processo XXXXX \u2013 AI xx-xxxx.pdf;<br \/>\nV \u2013 N\u00e3o ser\u00e1 permitido o uso de caracteres especiais do tipo \u00e7,~,\/,-,\\,@,# e outros, nas palavras utilizadas no nome do arquivo digitalizado.<\/p>\n<h5><a href=\"#indice\">Voltar ao \u00edndice<\/a><\/h5>\n<h4 id=\"modelos\">SUGEST\u00d5ES DE MODELOS DE FORMUL\u00c1RIOS<\/h4>\n<div class=\"sdm_download_item \"><div class=\"sdm_download_item_top\"><div class=\"sdm_download_thumbnail\"><\/div><div class=\"sdm_download_title\">Sugest\u00e3o Modelo Recurso<\/div><\/div><div style=\"clear:both;\"><\/div><div class=\"sdm_download_description\"><\/div><div class=\"sdm_download_link\"><span class=\"sdm_download_button\"><a href=\"https:\/\/imetro.sc.gov.br\/?sdm_process_download=1&download_id=3044\" class=\"sdm_download white\" title=\"Sugest\u00e3o Modelo Recurso\" target=\"_self\">Baixar agora!<\/a><\/span><\/div><\/div><div class=\"sdm_download_item \"><div class=\"sdm_download_item_top\"><div class=\"sdm_download_thumbnail\"><\/div><div class=\"sdm_download_title\">Sugest\u00e3o Modelo Defesa<\/div><\/div><div style=\"clear:both;\"><\/div><div class=\"sdm_download_description\"><\/div><div class=\"sdm_download_link\"><span class=\"sdm_download_button\"><a href=\"https:\/\/imetro.sc.gov.br\/?sdm_process_download=1&download_id=3043\" class=\"sdm_download white\" title=\"Sugest\u00e3o Modelo Defesa\" target=\"_self\">Baixar agora!<\/a><\/span><\/div><\/div><div class=\"sdm_clear_float\"><\/div>\n<h5><a href=\"#indice\">Voltar ao \u00edndice<\/a><\/h5>\n","protected":false},"excerpt":{"rendered":"<p>O Setor Jur\u00eddico do IMETRO\/SC operacionaliza as atividades relacionadas aos servi\u00e7os jur\u00eddicos, no \u00e2mbito da autarquia. Entre outras atividades, analisa e emite pareceres referente aos&hellip;<\/p>\n","protected":false},"author":2,"featured_media":0,"parent":0,"menu_order":0,"comment_status":"closed","ping_status":"closed","template":"","meta":{"_lmt_disableupdate":"no","_lmt_disable":"","footnotes":""},"publishpress_future_action":{"enabled":false,"date":"2026-04-14 13:52:39","action":"change-status","newStatus":"draft","terms":[],"taxonomy":""},"_links":{"self":[{"href":"https:\/\/imetro.sc.gov.br\/index.php?rest_route=\/wp\/v2\/pages\/185"}],"collection":[{"href":"https:\/\/imetro.sc.gov.br\/index.php?rest_route=\/wp\/v2\/pages"}],"about":[{"href":"https:\/\/imetro.sc.gov.br\/index.php?rest_route=\/wp\/v2\/types\/page"}],"author":[{"embeddable":true,"href":"https:\/\/imetro.sc.gov.br\/index.php?rest_route=\/wp\/v2\/users\/2"}],"replies":[{"embeddable":true,"href":"https:\/\/imetro.sc.gov.br\/index.php?rest_route=%2Fwp%2Fv2%2Fcomments&post=185"}],"version-history":[{"count":17,"href":"https:\/\/imetro.sc.gov.br\/index.php?rest_route=\/wp\/v2\/pages\/185\/revisions"}],"predecessor-version":[{"id":5650,"href":"https:\/\/imetro.sc.gov.br\/index.php?rest_route=\/wp\/v2\/pages\/185\/revisions\/5650"}],"wp:attachment":[{"href":"https:\/\/imetro.sc.gov.br\/index.php?rest_route=%2Fwp%2Fv2%2Fmedia&parent=185"}],"curies":[{"name":"wp","href":"https:\/\/api.w.org\/{rel}","templated":true}]}}