{"id":183,"date":"2021-07-14T14:53:30","date_gmt":"2021-07-14T17:53:30","guid":{"rendered":"http:\/\/websites.sc.gov.br\/imetrosc\/?page_id=183"},"modified":"2021-07-14T14:53:30","modified_gmt":"2021-07-14T17:53:30","slug":"licitacoes","status":"publish","type":"page","link":"https:\/\/imetro.sc.gov.br\/licitacoes\/","title":{"rendered":"Licita\u00e7\u00f5es"},"content":{"rendered":"<p>Conte\u00fado em desenvolvimento.<\/p>\n","protected":false},"excerpt":{"rendered":"<p>Conte\u00fado em desenvolvimento.<\/p>\n","protected":false},"author":2,"featured_media":0,"parent":0,"menu_order":0,"comment_status":"closed","ping_status":"closed","template":"","meta":{"_lmt_disableupdate":"","_lmt_disable":"","footnotes":""},"publishpress_future_action":{"enabled":false,"date":"2026-04-22 03:39:40","action":"change-status","newStatus":"draft","terms":[],"taxonomy":""},"_links":{"self":[{"href":"https:\/\/imetro.sc.gov.br\/wp-json\/wp\/v2\/pages\/183"}],"collection":[{"href":"https:\/\/imetro.sc.gov.br\/wp-json\/wp\/v2\/pages"}],"about":[{"href":"https:\/\/imetro.sc.gov.br\/wp-json\/wp\/v2\/types\/page"}],"author":[{"embeddable":true,"href":"https:\/\/imetro.sc.gov.br\/wp-json\/wp\/v2\/users\/2"}],"replies":[{"embeddable":true,"href":"https:\/\/imetro.sc.gov.br\/wp-json\/wp\/v2\/comments?post=183"}],"version-history":[{"count":0,"href":"https:\/\/imetro.sc.gov.br\/wp-json\/wp\/v2\/pages\/183\/revisions"}],"wp:attachment":[{"href":"https:\/\/imetro.sc.gov.br\/wp-json\/wp\/v2\/media?parent=183"}],"curies":[{"name":"wp","href":"https:\/\/api.w.org\/{rel}","templated":true}]}}